{"id":62,"date":"2018-05-23T14:10:12","date_gmt":"2018-05-23T14:10:12","guid":{"rendered":"http:\/\/www.tenor-koeln.de\/?page_id=62"},"modified":"2021-05-04T20:07:14","modified_gmt":"2021-05-04T20:07:14","slug":"impressum","status":"publish","type":"page","link":"https:\/\/www.tenor-koeln.de\/?page_id=62","title":{"rendered":"Impressum"},"content":{"rendered":"<p>Verantwortlich f\u00fcr diese Seite ist:<\/p>\n<p>Ferdinand Hoffmann, V\u00fcrfels 47, Bergisch Gladbach.<\/p>\n<p>&nbsp;<\/p>\n<div class=\"page\" title=\"Page 1\">\n<div class=\"layoutArea\">\n<div class=\"column\">\n<p>Datenschutz<\/p>\n<\/div>\n<\/div>\n<div class=\"layoutArea\">\n<div class=\"column\">\n<p>An uns \u00fcbermittelte Daten wie Namen, Adresse, Telefonnummer oder E- Mail-Adresse (personenbezogene Daten) verwenden wir ausschliesslich zum Zwecke der Bearbeitung Ihrer Anfrage oder der Abwicklung Ihres Onlinezugangs. Ihre Daten werden von uns n i c h t an Dritte weitergegeben.<\/p>\n<p>Wir erheben, verarbeiten und nutzen Ihre personenbezogenen Daten \u00fcber die Inanspruchnahme von nhp-weber.de, soweit dies erforderlich ist, um Ihnen die Inanspruchnahme unseres Angebotes zu erm\u00f6glichen (Nutzungsdaten) oder um den Kauf unserer Produkte abzurechnen (Abrechnungsdaten).<\/p>\n<p>S\u00e4mtliche personenbezogene Daten werden bei uns nur solange gespeichert, wie dies f\u00fcr den genannten Zweck (Bearbeitung Ihrer Anfrage oder Abwicklung Ihres Auftrages) erforderlich ist oder wir gesetzlich zur Speicherung verpflichtet sind.<\/p>\n<p>Mit Ihrem Besuch auf nhp-weber.de k\u00f6nnen au\u00dferdem Informationen \u00fcber den Zugriff (Datum, Uhrzeit, betrachtete Seite) auf unserem Server gespeichert werden. Diese Daten geh\u00f6ren nicht zu den personenbezogenen Daten, sondern sind anonymisiert.<\/p>\n<p>Beispiele: Name Ihres Internetproviders, Art Ihres Internet-Browsers, besuchte Seiten innerhalb unserer Internetpr\u00e4senz. Diese Daten werden von uns ausschlie\u00dflich zu statistischen Zwecken und zur Verbesserung unseres Angebotes ausgewertet.<\/p>\n<p>Mit Ihrem Besuch auf nhp-weber.de k\u00f6nnen Daten auf Ihrem Computergespeichert werden. Diese Daten nennt man \u201cCookie\u201d und sie erleichternIhnen die Nutzung von nhp-weber.de. Sie haben jedoch die M\u00f6glichkeit, diese Funktion innerhalb Ihres Webbrowsers zu deaktivieren. In diesem Fall kann es jedoch zu Einschr\u00e4nkungen der Bedienbarkeit unserer Seiten kommen.<\/p>\n<p>Zum Zwecke der Marktforschung und des Marketings nutzen wir nur anonymisierte Daten. Sie haben einen Anspruch auf unentgeltliche Auskunft \u00fcber Ihre bei uns gespeicherten Daten und ggf. ein Recht auf Berichtigung, Sperrung oder L\u00f6schung dieser Daten.<\/p>\n<p>Wenn Sie Einwilligungen zum Speichern und Verarbeiten Ihrer Daten gegeben haben (z.B. f\u00fcr den Bezug unseres Gratis-Newsletters), k\u00f6nnen Sie Ihre Einwilligung jederzeit mit Wirkung f\u00fcr die Zukunft widerrufen.<\/p>\n<\/div>\n<\/div>\n<\/div>\n","protected":false},"excerpt":{"rendered":"<p>Verantwortlich f\u00fcr diese Seite ist: Ferdinand Hoffmann, V\u00fcrfels 47, Bergisch Gladbach. &nbsp; Datenschutz An uns \u00fcbermittelte Daten wie Namen, Adresse, Telefonnummer oder E- Mail-Adresse (personenbezogene Daten) verwenden wir ausschliesslich zum Zwecke der Bearbeitung Ihrer Anfrage oder der Abwicklung Ihres Onlinezugangs. Ihre Daten werden von uns n i c h t an Dritte weitergegeben. Wir erheben,&#8230; <\/p>\n<div class=\"read-more navbutton\"><a href=\"https:\/\/www.tenor-koeln.de\/?page_id=62\">Read More<i class=\"fa fa-angle-double-right\"><\/i><\/a><\/div>\n","protected":false},"author":1,"featured_media":0,"parent":0,"menu_order":0,"comment_status":"closed","ping_status":"closed","template":"page-templates\/full-width.php","meta":{"footnotes":""},"class_list":["post-62","page","type-page","status-publish","hentry"],"_links":{"self":[{"href":"https:\/\/www.tenor-koeln.de\/index.php?rest_route=\/wp\/v2\/pages\/62","targetHints":{"allow":["GET"]}}],"collection":[{"href":"https:\/\/www.tenor-koeln.de\/index.php?rest_route=\/wp\/v2\/pages"}],"about":[{"href":"https:\/\/www.tenor-koeln.de\/index.php?rest_route=\/wp\/v2\/types\/page"}],"author":[{"embeddable":true,"href":"https:\/\/www.tenor-koeln.de\/index.php?rest_route=\/wp\/v2\/users\/1"}],"replies":[{"embeddable":true,"href":"https:\/\/www.tenor-koeln.de\/index.php?rest_route=%2Fwp%2Fv2%2Fcomments&post=62"}],"version-history":[{"count":1,"href":"https:\/\/www.tenor-koeln.de\/index.php?rest_route=\/wp\/v2\/pages\/62\/revisions"}],"predecessor-version":[{"id":63,"href":"https:\/\/www.tenor-koeln.de\/index.php?rest_route=\/wp\/v2\/pages\/62\/revisions\/63"}],"wp:attachment":[{"href":"https:\/\/www.tenor-koeln.de\/index.php?rest_route=%2Fwp%2Fv2%2Fmedia&parent=62"}],"curies":[{"name":"wp","href":"https:\/\/api.w.org\/{rel}","templated":true}]}}